{"id":3244,"date":"2019-11-29T19:39:01","date_gmt":"2019-11-29T19:39:01","guid":{"rendered":"http:\/\/colardeambar.circletec.pt\/product\/pulseira-tornozeleira-de-ambar-barroco-bebe-crianca-mel-e-manteiga\/"},"modified":"2025-07-22T17:19:26","modified_gmt":"2025-07-22T17:19:26","slug":"pulseira-tornozeleira-de-ambar-barroco-bebe-crianca-mel-e-manteiga","status":"publish","type":"product","link":"https:\/\/www.colardeambar.com\/en\/produto\/pulseira-tornozeleira-de-ambar-barroco-bebe-crianca-mel-e-manteiga\/","title":{"rendered":"Pulseira &#8211; Tornozeleira de \u00c2mbar Barroco Beb\u00e9 &#8211; Crian\u00e7a Mel e Manteiga"},"content":{"rendered":"<p>Pulseira &#8211; Tornozeleira de Ambar Modelo Barroco Beb\u00e9 &#8211; Crian\u00e7a Mel e Manteiga Polido<\/p>\n<p>Origem do \u00c2mbar: B\u00e1ltico<\/p>\n<p>Modelo: Barroco<\/p>\n<p>Polimento do \u00c2mbar: Polido e N\u00e3o polido<\/p>\n<p>Fecho: rosca (screw clasp)<\/p>\n<p>Tamanho das contas de \u00c2mbar : +\/- 4-6 mm<\/p>\n<p>Comprimento: +\/- 13-14cm (5.1-5.5 inch)<br \/>\n* recomendamos que me\u00e7a o tornozelo ou o pulso<\/p>\n<p>Peso m\u00e9dio: +\/- 2.5-3 gr<\/p>\n<p>Cor: Mel e Manteiga<\/p>\n<p>Seguran\u00e7a : Todos as nossas pulseiras seguem as normas de qualidade<br \/>\nN\u00f3s entre contas<br \/>\nFio resistente (polyester)<br \/>\nFecho de rosca<\/p>\n<p>Certificado: As nossas encomendas s\u00e3o acompanhadas de um certificado &#8220;Colar de \u00c2mbar&#8221;, o qual tem por base trabalharmos exclusivamente com \u00e2mbar na sua origem tamb\u00e9m certificado pelas entidades competentes e com os melhores artes\u00e3os.<\/p>\n<p>Garantia: 3 meses de garantia\u00a0caso seja identificado algum defeito de fabrica\u00e7\u00e3o sendo esta a troca por produto igual ou equivalente (sem custo no envio do mesmo) assim como 15 dias de garantia de satisfa\u00e7\u00e3o (n\u00e3o incluindo custo de envio) por troca de produto equivalente ou superior mediante pagamento da diferen\u00e7a.<\/p>\n<p>Todos os nossos produtos s\u00e3o de \u00c2mbar B\u00e1ltico genu\u00edno, n\u00e3o prensado (puro). Constru\u00eddos por artes\u00e3os certificados para o trabalho com \u00e2mbar.<\/p>\n<p>Sendo o \u00c2mbar um produto natural os tons nas cores podem variar assim como, sendo a sua constru\u00e7\u00e3o artesanal, as pequenas contas podem variar em forma e tamanho.<\/p>\n","protected":false},"excerpt":{"rendered":"<p>Pulseira &#8211; Tornozeleira de \u00c2mbar B\u00e1ltico Modelo Barroco Cor Mel e Manteiga Polido beb\u00e9\/crian\u00e7a<\/p>\n<p>Recomendamos que me\u00e7a o tornozelo ou o pulso<\/p>\n<p>Tamanho: 13-14cm<\/p>\n<p>Fecho de rosca<\/p>\n<p>\u00c2mbar Certificado<\/p>\n","protected":false},"featured_media":4135,"template":"","meta":[],"product_brand":[],"product_cat":[574,569],"product_tag":[],"class_list":{"0":"post-3244","1":"product","2":"type-product","3":"status-publish","4":"has-post-thumbnail","6":"product_cat-bebe-crianca-en","7":"product_cat-pulseira-tornozeleira-en","9":"first","10":"instock","11":"taxable","12":"shipping-taxable","13":"purchasable","14":"product-type-simple"},"_links":{"self":[{"href":"https:\/\/www.colardeambar.com\/en\/wp-json\/wp\/v2\/product\/3244","targetHints":{"allow":["GET"]}}],"collection":[{"href":"https:\/\/www.colardeambar.com\/en\/wp-json\/wp\/v2\/product"}],"about":[{"href":"https:\/\/www.colardeambar.com\/en\/wp-json\/wp\/v2\/types\/product"}],"wp:featuredmedia":[{"embeddable":true,"href":"https:\/\/www.colardeambar.com\/en\/wp-json\/wp\/v2\/media\/4135"}],"wp:attachment":[{"href":"https:\/\/www.colardeambar.com\/en\/wp-json\/wp\/v2\/media?parent=3244"}],"wp:term":[{"taxonomy":"product_brand","embeddable":true,"href":"https:\/\/www.colardeambar.com\/en\/wp-json\/wp\/v2\/product_brand?post=3244"},{"taxonomy":"product_cat","embeddable":true,"href":"https:\/\/www.colardeambar.com\/en\/wp-json\/wp\/v2\/product_cat?post=3244"},{"taxonomy":"product_tag","embeddable":true,"href":"https:\/\/www.colardeambar.com\/en\/wp-json\/wp\/v2\/product_tag?post=3244"}],"curies":[{"name":"wp","href":"https:\/\/api.w.org\/{rel}","templated":true}]}}