{"id":3686,"date":"2019-11-29T18:37:45","date_gmt":"2019-11-29T18:37:45","guid":{"rendered":"http:\/\/colardeambar.circletec.pt\/product\/colar-de-ambar-barroco-bebe-crianca-degrade-nao-polido\/"},"modified":"2025-11-20T23:08:14","modified_gmt":"2025-11-20T23:08:14","slug":"colar-de-ambar-barroco-bebe-crianca-degrade-nao-polido","status":"publish","type":"product","link":"https:\/\/www.colardeambar.com\/en\/produto\/colar-de-ambar-barroco-bebe-crianca-degrade-nao-polido\/","title":{"rendered":"Colar de \u00c2mbar Barroco Beb\u00e9 &#8211; Crian\u00e7a Degrade N\u00e3o Polido"},"content":{"rendered":"<p>Colar de Ambar Modelo Barroco Beb\u00e9 &#8211; Crian\u00e7a Degrade N\u00e3o Polido<\/p>\n<p>Origem do \u00c2mbar: B\u00e1ltico<\/p>\n<p>Modelo: Barroco<\/p>\n<p>Polimento do \u00c2mbar: N\u00e3o polido<\/p>\n<p>Fecho: encaixe (pop clasp)<\/p>\n<p>Tamanho das contas de \u00c2mbar : +\/- 4-6 mm<\/p>\n<p>Comprimento: +\/- 32-33 cm (12.5 &#8211; 13 inch)<br \/>\nindicado desde o nascimento at\u00e9 +\/- 5-7 anos<\/p>\n<p>Peso m\u00e9dio: +\/- 4-5 gr<\/p>\n<p>Cor:Degrade (Lim\u00e3o, Mel, Cognac, Cherry)<\/p>\n<p>Seguran\u00e7a : Todos os nossos colares para beb\u00e9 &#8211; crian\u00e7a seguem as normas de qualidade e seguran\u00e7a EN71 e EN12586 da UE<br \/>\nN\u00f3s entre contas<br \/>\nFio resistente<br \/>\nFecho de encaixe<\/p>\n<p>Certificado: As nossas encomendas s\u00e3o acompanhadas de um certificado \u00abColar De Ambar\u00bb, o qual tem por base trabalharmos exclusivamente com \u00e2mbar na sua origem tamb\u00e9m certificado pelas entidades competentes e com os melhores artes\u00e3os.<\/p>\n<p>Garantia: 3 meses de garantia\u00a0caso seja identificado algum defeito de fabrica\u00e7\u00e3o sendo esta a troca por produto igual ou equivalente (sem custo no envio do mesmo) assim como 15 dias de garantia de satisfa\u00e7\u00e3o (n\u00e3o incluindo custo de envio) por troca de produto equivalente ou superior mediante pagamento da diferen\u00e7a.<\/p>\n<p>Todos os nossos produtos s\u00e3o de \u00c2mbar B\u00e1ltico genu\u00edno, n\u00e3o prensado (puro). Constru\u00eddos por artes\u00e3os certificados para o trabalho com \u00e2mbar.<\/p>\n<p>Sendo o \u00c2mbar um produto natural os tons nas cores podem variar assim como, sendo a sua constru\u00e7\u00e3o artesanal, as pequenas contas podem variar em forma e tamanho.<\/p>\n","protected":false},"excerpt":{"rendered":"<p>Colar de \u00c2mbar B\u00e1ltico Modelo Barroco Cor Degrade N\u00e3o Polido beb\u00e9\/crian\u00e7a<\/p>\n<p>Recomendado desde o nascimento at\u00e9 aos 5-7 anos<\/p>\n<p>Tamanho: 32-33cm<\/p>\n<p>Fecho de encaixe<\/p>\n<p>\u00c2mbar Certificado<\/p>\n","protected":false},"featured_media":3688,"template":"","meta":[],"product_brand":[],"product_cat":[553,550],"product_tag":[],"class_list":{"0":"post-3686","1":"product","2":"type-product","3":"status-publish","4":"has-post-thumbnail","6":"product_cat-colares-bebe-crianca-en","7":"product_cat-colares-en","9":"first","10":"instock","11":"taxable","12":"shipping-taxable","13":"purchasable","14":"product-type-simple"},"_links":{"self":[{"href":"https:\/\/www.colardeambar.com\/en\/wp-json\/wp\/v2\/product\/3686","targetHints":{"allow":["GET"]}}],"collection":[{"href":"https:\/\/www.colardeambar.com\/en\/wp-json\/wp\/v2\/product"}],"about":[{"href":"https:\/\/www.colardeambar.com\/en\/wp-json\/wp\/v2\/types\/product"}],"wp:featuredmedia":[{"embeddable":true,"href":"https:\/\/www.colardeambar.com\/en\/wp-json\/wp\/v2\/media\/3688"}],"wp:attachment":[{"href":"https:\/\/www.colardeambar.com\/en\/wp-json\/wp\/v2\/media?parent=3686"}],"wp:term":[{"taxonomy":"product_brand","embeddable":true,"href":"https:\/\/www.colardeambar.com\/en\/wp-json\/wp\/v2\/product_brand?post=3686"},{"taxonomy":"product_cat","embeddable":true,"href":"https:\/\/www.colardeambar.com\/en\/wp-json\/wp\/v2\/product_cat?post=3686"},{"taxonomy":"product_tag","embeddable":true,"href":"https:\/\/www.colardeambar.com\/en\/wp-json\/wp\/v2\/product_tag?post=3686"}],"curies":[{"name":"wp","href":"https:\/\/api.w.org\/{rel}","templated":true}]}}