{"id":50094,"date":"2021-08-16T19:47:16","date_gmt":"2021-08-16T19:47:16","guid":{"rendered":"https:\/\/www.colardeambar.com\/?post_type=product&#038;p=50094"},"modified":"2024-10-09T23:21:11","modified_gmt":"2024-10-09T23:21:11","slug":"tornozeleira-adulto-de-ambar-modelo-barroco-cherry-nao-polido","status":"publish","type":"product","link":"https:\/\/www.colardeambar.com\/en\/produto\/tornozeleira-adulto-de-ambar-modelo-barroco-cherry-nao-polido\/","title":{"rendered":"Tornozeleira (adulto) de \u00c2mbar Modelo Barroco Cherry N\u00e3o Polido"},"content":{"rendered":"<p>Tornozeleira (adulto) de \u00c2mbar Modelo Barroco Cherry N\u00e3o Polido Ajust\u00e1vel<\/p>\n<p>Origem do \u00c2mbar:\u00a0B\u00e1ltico<\/p>\n<p>Modelo: Barroco<\/p>\n<p>Polimento do \u00c2mbar: N\u00e3o Polido<\/p>\n<p>Fecho: prata<\/p>\n<p>Tamanho das contas de \u00c2mbar:\u00a0+\/-6-8 mm<\/p>\n<p>Comprimento:\u00a0+\/- 23-25cm (9 &#8211; 10 inch)<\/p>\n<p>Peso m\u00e9dio:\u00a0 +\/- 6-7 g<\/p>\n<p>Cor: cherry<\/p>\n<p>Seguran\u00e7a: Todos as nossas pulseiras seguem as normas de qualidade<br \/>\nN\u00f3s entre contas<br \/>\nFio resistente (polyester)<br \/>\nFecho de prata<\/p>\n<p>Certificado: As nossas encomendas s\u00e3o acompanhadas de um certificado \u00abColar De Ambar\u00bb , o qual tem por base trabalharmos exclusivamente com \u00e2mbar na sua origem, certificado pelas entidades competentes e com os melhores artes\u00e3os.<\/p>\n<p>Garantia: 3 meses de garantia\u00a0caso seja identificado algum defeito de fabrica\u00e7\u00e3o sendo esta a troca por produto igual ou equivalente (sem custo no envio do mesmo) assim como 3 meses de garantia de satisfa\u00e7\u00e3o (n\u00e3o incluindo custo de envio) por troca de produto equivalente ou superior mediante pagamento da diferen\u00e7a.<\/p>\n<p>Todos os nossos produtos s\u00e3o de \u00c2mbar B\u00e1ltico genu\u00edno, n\u00e3o prensado (puro). Constru\u00eddos por artes\u00e3os certificados para o trabalho com \u00e2mbar.<\/p>\n<p>Sendo o \u00c2mbar um produto natural os tons nas cores podem variar assim como, sendo a sua constru\u00e7\u00e3o artesanal, as pequenas contas podem variar em forma e tamanho.<\/p>\n","protected":false},"excerpt":{"rendered":"<p>Tornozeleira (adulto) de \u00c2mbar Modelo Barroco Cor Cherry N\u00e3o Polido A<\/p>\n<p>Tamanho: +\/- 23-25cm (9 &#8211; 10 inch)<\/p>\n<p>Fecho de rosca<\/p>\n<p>\u00c2mbar Certificado<\/p>\n<p>* recomendamos que me\u00e7a o tornozelo ou o pulso<\/p>\n","protected":false},"featured_media":2862,"template":"","meta":[],"product_brand":[],"product_cat":[571,569],"product_tag":[],"class_list":{"0":"post-50094","1":"product","2":"type-product","3":"status-publish","4":"has-post-thumbnail","6":"product_cat-adulto-en","7":"product_cat-pulseira-tornozeleira-en","9":"first","10":"outofstock","11":"taxable","12":"shipping-taxable","13":"purchasable","14":"product-type-simple"},"_links":{"self":[{"href":"https:\/\/www.colardeambar.com\/en\/wp-json\/wp\/v2\/product\/50094","targetHints":{"allow":["GET"]}}],"collection":[{"href":"https:\/\/www.colardeambar.com\/en\/wp-json\/wp\/v2\/product"}],"about":[{"href":"https:\/\/www.colardeambar.com\/en\/wp-json\/wp\/v2\/types\/product"}],"wp:featuredmedia":[{"embeddable":true,"href":"https:\/\/www.colardeambar.com\/en\/wp-json\/wp\/v2\/media\/2862"}],"wp:attachment":[{"href":"https:\/\/www.colardeambar.com\/en\/wp-json\/wp\/v2\/media?parent=50094"}],"wp:term":[{"taxonomy":"product_brand","embeddable":true,"href":"https:\/\/www.colardeambar.com\/en\/wp-json\/wp\/v2\/product_brand?post=50094"},{"taxonomy":"product_cat","embeddable":true,"href":"https:\/\/www.colardeambar.com\/en\/wp-json\/wp\/v2\/product_cat?post=50094"},{"taxonomy":"product_tag","embeddable":true,"href":"https:\/\/www.colardeambar.com\/en\/wp-json\/wp\/v2\/product_tag?post=50094"}],"curies":[{"name":"wp","href":"https:\/\/api.w.org\/{rel}","templated":true}]}}