{"id":35058,"date":"2021-01-29T17:25:59","date_gmt":"2021-01-29T17:25:59","guid":{"rendered":"https:\/\/www.colardeambar.com\/?post_type=product&#038;p=35058"},"modified":"2023-12-27T19:21:19","modified_gmt":"2023-12-27T19:21:19","slug":"pulseira-de-rudraksha-ambar-adulto-elastico","status":"publish","type":"product","link":"https:\/\/www.colardeambar.com\/es\/produto\/pulseira-de-rudraksha-ambar-adulto-elastico\/","title":{"rendered":"Pulseira de Rudraksha e \u00c2mbar Adulto"},"content":{"rendered":"<p>Pulseira de Rudraksha e \u00c2mbar Adulto (el\u00e1stico)<\/p>\n<p>Origem do \u00c2mbar: B\u00e1ltico<\/p>\n<p>Modelo: Barroco<\/p>\n<p>Polimento do \u00c2mbar: Polido<\/p>\n<p>Cor do \u00c2mbar: Mel ou Cognac<\/p>\n<p>Pedra Semi Preciosa \/ Semente :\u00a0 Rudraksha<\/p>\n<p>Em El\u00e1stico<\/p>\n<p>Tamanho das contas : +\/- 6 mm<\/p>\n<p>Comprimento: +\/- 18-20 cm<br \/>\n* recomendamos que me\u00e7a o pulso<\/p>\n<p>Peso m\u00e9dio: +\/- 5-6 gr<\/p>\n<p>&nbsp;<\/p>\n<p>Certificado: As nossas encomendas s\u00e3o acompanhadas de um certificado \u00abColar de \u00c2mbar\u00bb, o qual tem por base trabalharmos exclusivamente com \u00e2mbar na sua origem tamb\u00e9m certificado pelas entidades competentes e com os melhores artes\u00e3os.<\/p>\n<p>Garantia: 3 meses de garantia\u00a0caso seja identificado algum defeito de fabrica\u00e7\u00e3o sendo esta a troca por produto igual ou equivalente (sem custo no envio do mesmo) assim como 15 dias de garantia de satisfa\u00e7\u00e3o (n\u00e3o incluindo custo de envio) por troca de produto equivalente ou superior mediante pagamento da diferen\u00e7a.<\/p>\n<p>Todos os nossos produtos s\u00e3o de \u00c2mbar B\u00e1ltico genu\u00edno, n\u00e3o prensado (puro). Constru\u00eddos por artes\u00e3os certificados para o trabalho com \u00e2mbar.<\/p>\n<p>Sendo o \u00c2mbar um produto natural os tons nas cores podem variar assim como, sendo a sua constru\u00e7\u00e3o artesanal, as pequenas contas podem variar em forma e tamanho.<\/p>\n","protected":false},"excerpt":{"rendered":"<p>Pulseira de Rudraksha e \u00c2mbar Adulto (el\u00e1stico)<\/p>\n<p>Nesta pulseira em el\u00e1stico encontra junto\u00a0 \u00c2mbar e Rudraksha &#8211; uma conjuga\u00e7\u00e3o poderosa de protec\u00e7\u00e3o, boas energias, calma e estimulo \u00e0 concentra\u00e7\u00e3o e ao sistema imunit\u00e1rio<\/p>\n<p>Recomendamos que me\u00e7a o pulso<\/p>\n<p>Tamanho: 18-20 cm<\/p>\n<p>\u00c2mbar Certificado<\/p>\n","protected":false},"featured_media":0,"template":"","meta":[],"product_brand":[],"product_cat":[572,620,558,570],"product_tag":[],"class_list":{"0":"post-35058","1":"product","2":"type-product","3":"status-publish","5":"product_cat-adulto-es","6":"product_cat-colares-e-pulseiras-es","7":"product_cat-joias-es","8":"product_cat-pulseira-tornozeleira-es","10":"first","11":"instock","12":"taxable","13":"shipping-taxable","14":"purchasable","15":"product-type-simple"},"_links":{"self":[{"href":"https:\/\/www.colardeambar.com\/es\/wp-json\/wp\/v2\/product\/35058","targetHints":{"allow":["GET"]}}],"collection":[{"href":"https:\/\/www.colardeambar.com\/es\/wp-json\/wp\/v2\/product"}],"about":[{"href":"https:\/\/www.colardeambar.com\/es\/wp-json\/wp\/v2\/types\/product"}],"wp:attachment":[{"href":"https:\/\/www.colardeambar.com\/es\/wp-json\/wp\/v2\/media?parent=35058"}],"wp:term":[{"taxonomy":"product_brand","embeddable":true,"href":"https:\/\/www.colardeambar.com\/es\/wp-json\/wp\/v2\/product_brand?post=35058"},{"taxonomy":"product_cat","embeddable":true,"href":"https:\/\/www.colardeambar.com\/es\/wp-json\/wp\/v2\/product_cat?post=35058"},{"taxonomy":"product_tag","embeddable":true,"href":"https:\/\/www.colardeambar.com\/es\/wp-json\/wp\/v2\/product_tag?post=35058"}],"curies":[{"name":"wp","href":"https:\/\/api.w.org\/{rel}","templated":true}]}}