{"id":91606,"date":"2023-05-19T17:07:32","date_gmt":"2023-05-19T17:07:32","guid":{"rendered":"https:\/\/www.colardeambar.com\/?post_type=product&#038;p=91606"},"modified":"2023-05-19T17:09:39","modified_gmt":"2023-05-19T17:09:39","slug":"colar-de-ambar-classy-mel-nao-polido-e-quartz-cherry-juvenil-mulher","status":"publish","type":"product","link":"https:\/\/www.colardeambar.com\/es\/produto\/colar-de-ambar-classy-mel-nao-polido-e-quartz-cherry-juvenil-mulher\/","title":{"rendered":"Colar de \u00c2mbar Classy Mel N\u00e3o Polido e Quartz Cherry Juvenil &#8211; Mulher"},"content":{"rendered":"<p>Colar de Ambar Mel N\u00e3o Polido e Pedra Semi Preciosa Quartz Cherry (coral) Juvenil &#8211; Mulher<\/p>\n<p>Origem do \u00c2mbar: B\u00e1ltico<\/p>\n<p>Modelo: Barroco \/ Classy<\/p>\n<p>Polimento do \u00c2mbar: N\u00e3o Polido<\/p>\n<p>Cor do \u00c2mbar: Mel<\/p>\n<p>Pedra Semi Preciosa: Quartz Cherry (coral)<\/p>\n<p>Fecho: Rosca (screw clasp)<\/p>\n<p>Tamanho das contas : +\/- 4-6 mm<\/p>\n<p>Comprimento: +\/- 38-40 cm (15 &#8211; 15.7 inch)<br \/>\nIndicado desde 6 anos at\u00e9 adulto (curto)<\/p>\n<p>Peso m\u00e9dio: +\/- 7,5-9 gr<\/p>\n<p>Seguran\u00e7a : Todos os nossos colares juvenis seguem as normas de qualidade<br \/>\nN\u00f3s entre contas<br \/>\nFio resistente<br \/>\nFecho de Rosca<\/p>\n<p>Certificado: As nossas encomendas s\u00e3o acompanhadas de um certificado \u00abColar De Ambar\u00bb, o qual tem por base trabalharmos exclusivamente com \u00e2mbar na sua origem tamb\u00e9m certificado pelas entidades competentes e com os melhores artes\u00e3os.<\/p>\n<p>Garantia: 3 meses de garantia\u00a0caso seja identificado algum defeito de fabrica\u00e7\u00e3o sendo esta a troca por produto igual ou equivalente (sem custo no envio do mesmo) assim como 15 dias de garantia de satisfa\u00e7\u00e3o (n\u00e3o incluindo custo de envio) por troca de produto equivalente ou superior mediante pagamento da diferen\u00e7a.<\/p>\n<p>Todos os nossos produtos s\u00e3o de \u00c2mbar B\u00e1ltico genu\u00edno, n\u00e3o prensado (puro). Constru\u00eddos por artes\u00e3os certificados para o trabalho com \u00e2mbar.<\/p>\n<p>Sendo o \u00c2mbar um produto natural os tons nas cores podem variar assim como, sendo a sua constru\u00e7\u00e3o artesanal, as pequenas contas podem variar em forma e tamanho.<\/p>\n","protected":false},"excerpt":{"rendered":"<p>Colar de Ambar Classy Mel N\u00e3o Polido e Pedra Semi Preciosa Quartz Cherry Juvenil &#8211; Mulher<\/p>\n<p>Indicado desde 6 anos at\u00e9 adulto (curto)<\/p>\n<p>Tamanho: 38-40cm<\/p>\n<p>Fecho de Rosca<\/p>\n<p>\u00c2mbar Certificado<\/p>\n","protected":false},"featured_media":0,"template":"","meta":[],"product_brand":[],"product_cat":[549,566],"product_tag":[],"class_list":{"0":"post-91606","1":"product","2":"type-product","3":"status-publish","5":"product_cat-colares-es","6":"product_cat-colares-juvenil-mulher-es-2","8":"first","9":"instock","10":"taxable","11":"shipping-taxable","12":"purchasable","13":"product-type-simple"},"_links":{"self":[{"href":"https:\/\/www.colardeambar.com\/es\/wp-json\/wp\/v2\/product\/91606","targetHints":{"allow":["GET"]}}],"collection":[{"href":"https:\/\/www.colardeambar.com\/es\/wp-json\/wp\/v2\/product"}],"about":[{"href":"https:\/\/www.colardeambar.com\/es\/wp-json\/wp\/v2\/types\/product"}],"wp:attachment":[{"href":"https:\/\/www.colardeambar.com\/es\/wp-json\/wp\/v2\/media?parent=91606"}],"wp:term":[{"taxonomy":"product_brand","embeddable":true,"href":"https:\/\/www.colardeambar.com\/es\/wp-json\/wp\/v2\/product_brand?post=91606"},{"taxonomy":"product_cat","embeddable":true,"href":"https:\/\/www.colardeambar.com\/es\/wp-json\/wp\/v2\/product_cat?post=91606"},{"taxonomy":"product_tag","embeddable":true,"href":"https:\/\/www.colardeambar.com\/es\/wp-json\/wp\/v2\/product_tag?post=91606"}],"curies":[{"name":"wp","href":"https:\/\/api.w.org\/{rel}","templated":true}]}}